{"id":296,"date":"2012-03-21T10:46:07","date_gmt":"2012-03-21T10:46:07","guid":{"rendered":"http:\/\/www.hameaudesbulls.com\/?page_id=296"},"modified":"2020-12-28T17:34:49","modified_gmt":"2020-12-28T17:34:49","slug":"photos","status":"publish","type":"page","link":"https:\/\/www.hameaudesbulls.com\/pt-pt\/photos\/","title":{"rendered":"Photos"},"content":{"rendered":"<p>&nbsp;<\/p>\n<p style=\"text-align: center;\">Pour d\u00e9couvrir nos chiens en photos ou vid\u00e9os, cliquez sur le lien de votre souhait !<\/p>\n<p style=\"text-align: center;\"><a href=\"https:\/\/www.facebook.com\/hameau.desbulls\/photos\">Photos <\/a><\/p>\n<p style=\"text-align: center;\"><a href=\"https:\/\/business.facebook.com\/pg\/hameau.desbulls\/videos\/\">Vid\u00e9os<\/a><\/p>\n<p style=\"text-align: center;\">Bonne d\u00e9couverte \ud83d\ude42<\/p>\n","protected":false},"excerpt":{"rendered":"<p>&nbsp; Pour d\u00e9couvrir nos chiens en photos ou vid\u00e9os, cliquez sur le lien de votre souhait ! Photos Vid\u00e9os Bonne d\u00e9couverte \ud83d\ude42<\/p>\n","protected":false},"author":2,"featured_media":0,"parent":0,"menu_order":0,"comment_status":"open","ping_status":"open","template":"","meta":{"footnotes":""},"class_list":["post-296","page","type-page","status-publish","hentry"],"_links":{"self":[{"href":"https:\/\/www.hameaudesbulls.com\/pt-pt\/wp-json\/wp\/v2\/pages\/296","targetHints":{"allow":["GET"]}}],"collection":[{"href":"https:\/\/www.hameaudesbulls.com\/pt-pt\/wp-json\/wp\/v2\/pages"}],"about":[{"href":"https:\/\/www.hameaudesbulls.com\/pt-pt\/wp-json\/wp\/v2\/types\/page"}],"author":[{"embeddable":true,"href":"https:\/\/www.hameaudesbulls.com\/pt-pt\/wp-json\/wp\/v2\/users\/2"}],"replies":[{"embeddable":true,"href":"https:\/\/www.hameaudesbulls.com\/pt-pt\/wp-json\/wp\/v2\/comments?post=296"}],"version-history":[{"count":14,"href":"https:\/\/www.hameaudesbulls.com\/pt-pt\/wp-json\/wp\/v2\/pages\/296\/revisions"}],"predecessor-version":[{"id":7207,"href":"https:\/\/www.hameaudesbulls.com\/pt-pt\/wp-json\/wp\/v2\/pages\/296\/revisions\/7207"}],"wp:attachment":[{"href":"https:\/\/www.hameaudesbulls.com\/pt-pt\/wp-json\/wp\/v2\/media?parent=296"}],"curies":[{"name":"wp","href":"https:\/\/api.w.org\/{rel}","templated":true}]}}