{"id":247,"date":"2013-03-24T21:21:11","date_gmt":"2013-03-24T21:21:11","guid":{"rendered":"http:\/\/www.hameaudesbulls.com\/?page_id=247"},"modified":"2015-06-28T13:52:25","modified_gmt":"2015-06-28T13:52:25","slug":"home-brasil","status":"publish","type":"page","link":"https:\/\/www.hameaudesbulls.com\/pt-pt\/","title":{"rendered":"Home"},"content":{"rendered":"<p>Somos criadores apaixonados por\u00a0<strong>Staffordshire Bull Terrier<\/strong>\u00a0(<strong>Staffie<\/strong>) e<strong> American Bulldog<\/strong>. O projeto da cria\u00e7\u00e3o foi realizada ap\u00f3s 10 anos de reflex\u00e3o, de participa\u00e7\u00f5es em feiras, de pesquisa e de estudo sobre o assunto. Nosso objetivo \u00e9 ter de cada ra\u00e7a um nascimento por ano,\u00a0privilegiando\u00a0a qualidade e n\u00e3o a quantidade. Nossa cria\u00e7\u00e3o n\u00e3o \u00e9 o nosso ganha p\u00e3o, o que fazemos \u00e9 unicamente por paix\u00e3o, o que nos permite tempo para selecionar nossos c\u00e3es, ao mesmo tempo proporcionar, nossos futuros clientes, pois nossos beb\u00eas c\u00e3es ser\u00e3o situados unicamente na confian\u00e7a .<\/p>\n<p>N\u00f3s criamos nossos c\u00e3es em matilha, o que nos obriga a ter uma aten\u00e7\u00e3o especial a cada minuto do dia, j\u00e1 que as duas ra\u00e7as s\u00e3o <strong>Molosses<\/strong>, e ambos t\u00eam um car\u00e1ter pr\u00f3prio. Nossos c\u00e3es n\u00e3o vivem em cercados ou gaiolas, eles est\u00e3o em liberdade dentro e fora da casa, dependendo da meteorologia, sozinhos \u00e0 noite ou durante a nossa aus\u00eancia, os c\u00e3es est\u00e3o em\u00a0confort\u00e1veis\u00a0gaiolas. N\u00f3s regularmente acolhemos estagi\u00e1rios durante o ano nos ajudar a adestrar os c\u00e3es em casa. N\u00f3s sa\u00edmos com eles v\u00e1rias vezes ao dia em nossas montanhas, v\u00e1rias vezes por semana nossos c\u00e3es superam altitudes de 1800 m e 2000 m, fazem <strong>Weight Pulling<\/strong>, e visitas em centros medicais especializados em zooterapia para que fiquem com pessoas doentes.<\/p>\n<p>Estamos prontos para receber voc\u00ea para uma visita, por favor marcar hora, e para quem vem de longe, colocamos \u00e0 disposi\u00e7\u00e3o acomoda\u00e7\u00f5es; para dois casais, e claro, com seus c\u00e3es ou gatos. Dado o n\u00famero elevado de visita, entre em contato conosco por e-mail para agendar uma visita.<\/p>\n<p>Voc\u00ea pode \u00a0nos encontrar no Facebook, clicando no link localizado abaixo na casinha, ou no youtube atrav\u00e9s do link do v\u00eddeo de acolho.<\/p>\n<p>Prazer de encontr\u00e1-lo em breve.<\/p>\n<p>Le Corre Antony &amp; Magali.<\/p>\n<p><a href=\"http:\/\/www.vipcroquettes.com\" title=\"acesse o site VIP Croquettes\" target=\"_blank\"><img loading=\"lazy\" decoding=\"async\" class=\"alignnone size-full wp-image-1474\" src=\"http:\/\/www.hameaudesbulls.com\/wp-content\/uploads\/2012\/03\/banner-vip-croquettes-hdb.jpg\" alt=\"vip croquettes, fornecedor oficial do Hameau des Bulls\" width=\"1200\" height=\"200\" srcset=\"https:\/\/www.hameaudesbulls.com\/wp-content\/uploads\/2012\/03\/banner-vip-croquettes-hdb.jpg 1200w, https:\/\/www.hameaudesbulls.com\/wp-content\/uploads\/2012\/03\/banner-vip-croquettes-hdb-600x100.jpg 600w, https:\/\/www.hameaudesbulls.com\/wp-content\/uploads\/2012\/03\/banner-vip-croquettes-hdb-300x50.jpg 300w, https:\/\/www.hameaudesbulls.com\/wp-content\/uploads\/2012\/03\/banner-vip-croquettes-hdb-1024x170.jpg 1024w\" sizes=\"auto, (max-width: 1200px) 100vw, 1200px\" \/><\/a><\/p>\n<p><a href=\"https:\/\/www.facebook.com\/pages\/HDB-Animal-Transport\/1596981697257591\" target=\"_blank\"><img loading=\"lazy\" decoding=\"async\" class=\"aligncenter wp-image-1740 size-full\" src=\"http:\/\/www.hameaudesbulls.com\/wp-content\/uploads\/2012\/03\/banner-transport-animaux.png\" alt=\"Servi\u00e7o de animais na Europa\" width=\"1200\" height=\"200\" srcset=\"https:\/\/www.hameaudesbulls.com\/wp-content\/uploads\/2012\/03\/banner-transport-animaux.png 1200w, https:\/\/www.hameaudesbulls.com\/wp-content\/uploads\/2012\/03\/banner-transport-animaux-600x100.png 600w, https:\/\/www.hameaudesbulls.com\/wp-content\/uploads\/2012\/03\/banner-transport-animaux-300x50.png 300w, https:\/\/www.hameaudesbulls.com\/wp-content\/uploads\/2012\/03\/banner-transport-animaux-1024x171.png 1024w\" sizes=\"auto, (max-width: 1200px) 100vw, 1200px\" \/><\/a><\/p>\n","protected":false},"excerpt":{"rendered":"<p>Somos criadores apaixonados por\u00a0Staffordshire Bull Terrier\u00a0(Staffie) e American Bulldog. O projeto da cria\u00e7\u00e3o foi realizada ap\u00f3s 10 anos de reflex\u00e3o, de participa\u00e7\u00f5es em feiras, de pesquisa e de estudo sobre o assunto. Nosso objetivo \u00e9 ter de cada ra\u00e7a um nascimento por ano,\u00a0privilegiando\u00a0a qualidade e n\u00e3o a quantidade. Nossa cria\u00e7\u00e3o n\u00e3o \u00e9 o nosso ganha [&hellip;]<\/p>\n","protected":false},"author":1,"featured_media":0,"parent":0,"menu_order":0,"comment_status":"closed","ping_status":"closed","template":"","meta":{"footnotes":""},"class_list":["post-247","page","type-page","status-publish","hentry"],"_links":{"self":[{"href":"https:\/\/www.hameaudesbulls.com\/pt-pt\/wp-json\/wp\/v2\/pages\/247","targetHints":{"allow":["GET"]}}],"collection":[{"href":"https:\/\/www.hameaudesbulls.com\/pt-pt\/wp-json\/wp\/v2\/pages"}],"about":[{"href":"https:\/\/www.hameaudesbulls.com\/pt-pt\/wp-json\/wp\/v2\/types\/page"}],"author":[{"embeddable":true,"href":"https:\/\/www.hameaudesbulls.com\/pt-pt\/wp-json\/wp\/v2\/users\/1"}],"replies":[{"embeddable":true,"href":"https:\/\/www.hameaudesbulls.com\/pt-pt\/wp-json\/wp\/v2\/comments?post=247"}],"version-history":[{"count":15,"href":"https:\/\/www.hameaudesbulls.com\/pt-pt\/wp-json\/wp\/v2\/pages\/247\/revisions"}],"predecessor-version":[{"id":1746,"href":"https:\/\/www.hameaudesbulls.com\/pt-pt\/wp-json\/wp\/v2\/pages\/247\/revisions\/1746"}],"wp:attachment":[{"href":"https:\/\/www.hameaudesbulls.com\/pt-pt\/wp-json\/wp\/v2\/media?parent=247"}],"curies":[{"name":"wp","href":"https:\/\/api.w.org\/{rel}","templated":true}]}}